{"id":570,"date":"2021-10-05T06:05:53","date_gmt":"2021-10-05T06:05:53","guid":{"rendered":"http:\/\/lebendiges-oftersheim.de\/?page_id=570"},"modified":"2025-08-05T06:48:35","modified_gmt":"2025-08-05T06:48:35","slug":"oftersheimer-hofflohmarkt","status":"publish","type":"page","link":"https:\/\/lebendiges-oftersheim.de\/?page_id=570","title":{"rendered":"Oftersheimer Hof-Flohmarkt"},"content":{"rendered":"\t\t<div data-elementor-type=\"wp-page\" data-elementor-id=\"570\" class=\"elementor elementor-570\" data-elementor-settings=\"[]\">\n\t\t\t\t\t\t<div class=\"elementor-inner\">\n\t\t\t\t\t\t\t<div class=\"elementor-section-wrap\">\n\t\t\t\t\t\t\t<section class=\"elementor-section elementor-top-section elementor-element elementor-element-0734d36 elementor-section-boxed elementor-section-height-default elementor-section-height-default\" data-id=\"0734d36\" data-element_type=\"section\">\n\t\t\t\t\t\t<div class=\"elementor-container elementor-column-gap-default\">\n\t\t\t\t\t\t\t<div class=\"elementor-row\">\n\t\t\t\t\t<div class=\"elementor-column elementor-col-25 elementor-top-column elementor-element elementor-element-88a3b9a\" data-id=\"88a3b9a\" data-element_type=\"column\">\n\t\t\t<div class=\"elementor-column-wrap elementor-element-populated\">\n\t\t\t\t\t\t\t<div class=\"elementor-widget-wrap\">\n\t\t\t\t\t\t<div class=\"elementor-element elementor-element-4019f25 elementor-widget elementor-widget-heading\" data-id=\"4019f25\" data-element_type=\"widget\" data-widget_type=\"heading.default\">\n\t\t\t\t<div class=\"elementor-widget-container\">\n\t\t\t<h2 class=\"elementor-heading-title elementor-size-default\">WANN:<\/h2>\t\t<\/div>\n\t\t\t\t<\/div>\n\t\t\t\t\t\t<\/div>\n\t\t\t\t\t<\/div>\n\t\t<\/div>\n\t\t\t\t<div class=\"elementor-column elementor-col-25 elementor-top-column elementor-element elementor-element-d6f6d98\" data-id=\"d6f6d98\" data-element_type=\"column\">\n\t\t\t<div class=\"elementor-column-wrap elementor-element-populated\">\n\t\t\t\t\t\t\t<div class=\"elementor-widget-wrap\">\n\t\t\t\t\t\t<div class=\"elementor-element elementor-element-33cb7e5 elementor-widget elementor-widget-text-editor\" data-id=\"33cb7e5\" data-element_type=\"widget\" data-widget_type=\"text-editor.default\">\n\t\t\t\t<div class=\"elementor-widget-container\">\n\t\t\t\t\t<div class=\"elementor-text-editor elementor-clearfix\"><h3>20. September 2025<br \/>von 10.00 bis 14.00 Uhr<\/h3><\/div>\n\t\t\t\t<\/div>\n\t\t\t\t<\/div>\n\t\t\t\t\t\t<\/div>\n\t\t\t\t\t<\/div>\n\t\t<\/div>\n\t\t\t\t<div class=\"elementor-column elementor-col-25 elementor-top-column elementor-element elementor-element-6c5462c\" data-id=\"6c5462c\" data-element_type=\"column\">\n\t\t\t<div class=\"elementor-column-wrap elementor-element-populated\">\n\t\t\t\t\t\t\t<div class=\"elementor-widget-wrap\">\n\t\t\t\t\t\t<div class=\"elementor-element elementor-element-0ae9890 elementor-widget elementor-widget-heading\" data-id=\"0ae9890\" data-element_type=\"widget\" data-widget_type=\"heading.default\">\n\t\t\t\t<div class=\"elementor-widget-container\">\n\t\t\t<h2 class=\"elementor-heading-title elementor-size-default\">WO:<\/h2>\t\t<\/div>\n\t\t\t\t<\/div>\n\t\t\t\t\t\t<\/div>\n\t\t\t\t\t<\/div>\n\t\t<\/div>\n\t\t\t\t<div class=\"elementor-column elementor-col-25 elementor-top-column elementor-element elementor-element-588d568\" data-id=\"588d568\" data-element_type=\"column\">\n\t\t\t<div class=\"elementor-column-wrap elementor-element-populated\">\n\t\t\t\t\t\t\t<div class=\"elementor-widget-wrap\">\n\t\t\t\t\t\t<div class=\"elementor-element elementor-element-c8015b8 elementor-widget elementor-widget-text-editor\" data-id=\"c8015b8\" data-element_type=\"widget\" data-widget_type=\"text-editor.default\">\n\t\t\t\t<div class=\"elementor-widget-container\">\n\t\t\t\t\t<div class=\"elementor-text-editor elementor-clearfix\"><h3>Auf den Grundst\u00fccken der Verk\u00e4ufer<\/h3><\/div>\n\t\t\t\t<\/div>\n\t\t\t\t<\/div>\n\t\t\t\t\t\t<\/div>\n\t\t\t\t\t<\/div>\n\t\t<\/div>\n\t\t\t\t\t\t\t\t<\/div>\n\t\t\t\t\t<\/div>\n\t\t<\/section>\n\t\t\t\t<section class=\"elementor-section elementor-top-section elementor-element elementor-element-4a2f121 elementor-section-boxed elementor-section-height-default elementor-section-height-default\" data-id=\"4a2f121\" data-element_type=\"section\">\n\t\t\t\t\t\t<div class=\"elementor-container elementor-column-gap-default\">\n\t\t\t\t\t\t\t<div class=\"elementor-row\">\n\t\t\t\t\t<div class=\"elementor-column elementor-col-50 elementor-top-column elementor-element elementor-element-40c24a6\" data-id=\"40c24a6\" data-element_type=\"column\">\n\t\t\t<div class=\"elementor-column-wrap elementor-element-populated\">\n\t\t\t\t\t\t\t<div class=\"elementor-widget-wrap\">\n\t\t\t\t\t\t<div class=\"elementor-element elementor-element-3ec638f elementor-widget elementor-widget-text-editor\" data-id=\"3ec638f\" data-element_type=\"widget\" data-widget_type=\"text-editor.default\">\n\t\t\t\t<div class=\"elementor-widget-container\">\n\t\t\t\t\t<div class=\"elementor-text-editor elementor-clearfix\"><h3><span style=\"color: #99cc00;\">Spielregeln:<\/span><\/h3><ul><li><span style=\"color: #000000;\">Jeder Verk\u00e4ufer (Teilnehmer) ist Veranstalter auf seinem Grundst\u00fcck und somit f\u00fcr die Einhaltung der aktuellen Hygieneverordnungen des Landes verantwortlich.<\/span><\/li><li><span style=\"color: #000000;\">Bitte nehmen Sie R\u00fccksicht auf Ihre Nachbarn und vermeiden Sie M\u00fcll.<\/span><\/li><li><span style=\"color: #000000;\"> Verkehrs- und Rettungswege snd stets frei zu halten<\/span><\/li><li><span style=\"color: #000000;\">Regelm\u00e4\u00dfiges Reinigen der Oberfl\u00e4chen und Gegenst\u00e4nde<\/span><\/li><\/ul><h3><span style=\"color: #99cc00;\">Anmeldeschluss:<\/span> 17. September 2025<\/h3><h3><span style=\"color: #99cc00;\">Hier finden Sie die angemeldeten St\u00e4nde:<\/span><\/h3><p><img loading=\"lazy\" class=\"alignnone wp-image-768 size-thumbnail\" src=\"http:\/\/lebendiges-oftersheim.de\/wp-content\/uploads\/2023\/10\/qrcode-1-150x150.jpeg\" alt=\"\" width=\"150\" height=\"150\" srcset=\"https:\/\/lebendiges-oftersheim.de\/wp-content\/uploads\/2023\/10\/qrcode-1-150x150.jpeg 150w, https:\/\/lebendiges-oftersheim.de\/wp-content\/uploads\/2023\/10\/qrcode-1-300x300.jpeg 300w, https:\/\/lebendiges-oftersheim.de\/wp-content\/uploads\/2023\/10\/qrcode-1-768x768.jpeg 768w, https:\/\/lebendiges-oftersheim.de\/wp-content\/uploads\/2023\/10\/qrcode-1.jpeg 1000w\" sizes=\"(max-width: 150px) 100vw, 150px\" \/><\/p><p>(auf Google-Maps)<\/p><\/div>\n\t\t\t\t<\/div>\n\t\t\t\t<\/div>\n\t\t\t\t\t\t<\/div>\n\t\t\t\t\t<\/div>\n\t\t<\/div>\n\t\t\t\t<div class=\"elementor-column elementor-col-50 elementor-top-column elementor-element elementor-element-682ca07\" data-id=\"682ca07\" data-element_type=\"column\">\n\t\t\t<div class=\"elementor-column-wrap elementor-element-populated\">\n\t\t\t\t\t\t\t<div class=\"elementor-widget-wrap\">\n\t\t\t\t\t\t<div class=\"elementor-element elementor-element-c9739b4 elementor-widget elementor-widget-image\" data-id=\"c9739b4\" data-element_type=\"widget\" data-widget_type=\"image.default\">\n\t\t\t\t<div class=\"elementor-widget-container\">\n\t\t\t\t\t<div class=\"elementor-image\">\n\t\t\t\t\t\t\t\t\t\t<img width=\"724\" height=\"1024\" src=\"https:\/\/lebendiges-oftersheim.de\/wp-content\/uploads\/2025\/08\/Oftersheimer-Hofflohmarkt-Plakat-2025-724x1024.jpg\" class=\"attachment-large size-large\" alt=\"\" loading=\"lazy\" srcset=\"https:\/\/lebendiges-oftersheim.de\/wp-content\/uploads\/2025\/08\/Oftersheimer-Hofflohmarkt-Plakat-2025-724x1024.jpg 724w, https:\/\/lebendiges-oftersheim.de\/wp-content\/uploads\/2025\/08\/Oftersheimer-Hofflohmarkt-Plakat-2025-212x300.jpg 212w, https:\/\/lebendiges-oftersheim.de\/wp-content\/uploads\/2025\/08\/Oftersheimer-Hofflohmarkt-Plakat-2025-768x1086.jpg 768w, https:\/\/lebendiges-oftersheim.de\/wp-content\/uploads\/2025\/08\/Oftersheimer-Hofflohmarkt-Plakat-2025-1086x1536.jpg 1086w, https:\/\/lebendiges-oftersheim.de\/wp-content\/uploads\/2025\/08\/Oftersheimer-Hofflohmarkt-Plakat-2025-1448x2048.jpg 1448w, https:\/\/lebendiges-oftersheim.de\/wp-content\/uploads\/2025\/08\/Oftersheimer-Hofflohmarkt-Plakat-2025-scaled.jpg 1810w\" sizes=\"(max-width: 724px) 100vw, 724px\" \/>\t\t\t\t\t\t\t\t\t\t\t<\/div>\n\t\t\t\t<\/div>\n\t\t\t\t<\/div>\n\t\t\t\t\t\t<\/div>\n\t\t\t\t\t<\/div>\n\t\t<\/div>\n\t\t\t\t\t\t\t\t<\/div>\n\t\t\t\t\t<\/div>\n\t\t<\/section>\n\t\t\t\t<section class=\"elementor-section elementor-top-section elementor-element elementor-element-61ebab0 elementor-section-boxed elementor-section-height-default elementor-section-height-default\" data-id=\"61ebab0\" data-element_type=\"section\">\n\t\t\t\t\t\t<div class=\"elementor-container elementor-column-gap-default\">\n\t\t\t\t\t\t\t<div class=\"elementor-row\">\n\t\t\t\t\t<div class=\"elementor-column elementor-col-100 elementor-top-column elementor-element elementor-element-21b88e6\" data-id=\"21b88e6\" data-element_type=\"column\">\n\t\t\t<div class=\"elementor-column-wrap elementor-element-populated\">\n\t\t\t\t\t\t\t<div class=\"elementor-widget-wrap\">\n\t\t\t\t\t\t<div class=\"elementor-element elementor-element-44f268b elementor-widget elementor-widget-heading\" data-id=\"44f268b\" data-element_type=\"widget\" data-widget_type=\"heading.default\">\n\t\t\t\t<div class=\"elementor-widget-container\">\n\t\t\t<h1 class=\"elementor-heading-title elementor-size-default\">ANMELDUNG OFTERSHEIMER FLOHMARKT 2024\n<\/h1>\t\t<\/div>\n\t\t\t\t<\/div>\n\t\t\t\t\t\t<\/div>\n\t\t\t\t\t<\/div>\n\t\t<\/div>\n\t\t\t\t\t\t\t\t<\/div>\n\t\t\t\t\t<\/div>\n\t\t<\/section>\n\t\t\t\t<section class=\"elementor-section elementor-top-section elementor-element elementor-element-3554502 elementor-section-boxed elementor-section-height-default elementor-section-height-default\" data-id=\"3554502\" data-element_type=\"section\">\n\t\t\t\t\t\t<div class=\"elementor-container elementor-column-gap-default\">\n\t\t\t\t\t\t\t<div class=\"elementor-row\">\n\t\t\t\t\t<div class=\"elementor-column elementor-col-100 elementor-top-column elementor-element elementor-element-aeaf49c\" data-id=\"aeaf49c\" data-element_type=\"column\">\n\t\t\t<div class=\"elementor-column-wrap elementor-element-populated\">\n\t\t\t\t\t\t\t<div class=\"elementor-widget-wrap\">\n\t\t\t\t\t\t<div class=\"elementor-element elementor-element-cc7cb38 elementor-widget elementor-widget-wpforms\" data-id=\"cc7cb38\" data-element_type=\"widget\" data-widget_type=\"wpforms.default\">\n\t\t\t\t<div class=\"elementor-widget-container\">\n\t\t\t<div class=\"wpforms-container wpforms-container-full\" id=\"wpforms-579\"><form id=\"wpforms-form-579\" class=\"wpforms-validate wpforms-form\" data-formid=\"579\" method=\"post\" enctype=\"multipart\/form-data\" action=\"\/index.php?rest_route=%2Fwp%2Fv2%2Fpages%2F570\" data-token=\"59d76f09dec4e4376f72f1a9b38c332f\"><noscript class=\"wpforms-error-noscript\">Bitte aktiviere JavaScript in deinem Browser, um dieses Formular fertigzustellen.<\/noscript><div class=\"wpforms-field-container\"><div id=\"wpforms-579-field_0-container\" class=\"wpforms-field wpforms-field-name\" data-field-id=\"0\"><label class=\"wpforms-field-label\" for=\"wpforms-579-field_0\">Name <span class=\"wpforms-required-label\">*<\/span><\/label><div class=\"wpforms-field-row wpforms-field-medium\"><div class=\"wpforms-field-row-block wpforms-first wpforms-one-half\"><input type=\"text\" id=\"wpforms-579-field_0\" class=\"wpforms-field-name-first wpforms-field-required\" name=\"wpforms[fields][0][first]\" required><label for=\"wpforms-579-field_0\" class=\"wpforms-field-sublabel after \">Vorname<\/label><\/div><div class=\"wpforms-field-row-block wpforms-one-half\"><input type=\"text\" id=\"wpforms-579-field_0-last\" class=\"wpforms-field-name-last wpforms-field-required\" name=\"wpforms[fields][0][last]\" required><label for=\"wpforms-579-field_0-last\" class=\"wpforms-field-sublabel after \">Nachname<\/label><\/div><\/div><\/div><div id=\"wpforms-579-field_5-container\" class=\"wpforms-field wpforms-field-text\" data-field-id=\"5\"><label class=\"wpforms-field-label\" for=\"wpforms-579-field_5\">Stra\u00dfe und Hausnummer <span class=\"wpforms-required-label\">*<\/span><\/label><input type=\"text\" id=\"wpforms-579-field_5\" class=\"wpforms-field-medium wpforms-field-required\" name=\"wpforms[fields][5]\" required><div class=\"wpforms-field-description\">Bitte gib die Stra\u00dfe ein, damit dein Flohmarkt auf Google Maps gefunden werden kann.\r\n<\/div><\/div><div id=\"wpforms-579-field_8-container\" class=\"wpforms-field wpforms-field-checkbox\" data-field-id=\"8\"><label class=\"wpforms-field-label\" for=\"wpforms-579-field_8\">Wir bieten an <span class=\"wpforms-required-label\">*<\/span><\/label><ul id=\"wpforms-579-field_8\" class=\"wpforms-field-required\"><li class=\"choice-1 depth-1\"><input type=\"checkbox\" id=\"wpforms-579-field_8_1\" name=\"wpforms[fields][8][]\" value=\"M\u00e4dchenkleidung (nach Gr\u00f6\u00dfe bei Sonstiges eintragen)\" required ><label class=\"wpforms-field-label-inline\" for=\"wpforms-579-field_8_1\">M\u00e4dchenkleidung (nach Gr\u00f6\u00dfe bei Sonstiges eintragen)<\/label><\/li><li class=\"choice-2 depth-1\"><input type=\"checkbox\" id=\"wpforms-579-field_8_2\" name=\"wpforms[fields][8][]\" value=\"Jungenkleidung (nach Gr\u00f6\u00dfe bei Sonstiges eintragen)\" required ><label class=\"wpforms-field-label-inline\" for=\"wpforms-579-field_8_2\">Jungenkleidung (nach Gr\u00f6\u00dfe bei Sonstiges eintragen)<\/label><\/li><li class=\"choice-3 depth-1\"><input type=\"checkbox\" id=\"wpforms-579-field_8_3\" name=\"wpforms[fields][8][]\" value=\"Erwachsenenkleidung \" required ><label class=\"wpforms-field-label-inline\" for=\"wpforms-579-field_8_3\">Erwachsenenkleidung <\/label><\/li><li class=\"choice-4 depth-1\"><input type=\"checkbox\" id=\"wpforms-579-field_8_4\" name=\"wpforms[fields][8][]\" value=\"K\u00fcchenzubeh\u00f6r\" required ><label class=\"wpforms-field-label-inline\" for=\"wpforms-579-field_8_4\">K\u00fcchenzubeh\u00f6r<\/label><\/li><li class=\"choice-5 depth-1\"><input type=\"checkbox\" id=\"wpforms-579-field_8_5\" name=\"wpforms[fields][8][]\" value=\"Gartenbedarf\" required ><label class=\"wpforms-field-label-inline\" for=\"wpforms-579-field_8_5\">Gartenbedarf<\/label><\/li><li class=\"choice-6 depth-1\"><input type=\"checkbox\" id=\"wpforms-579-field_8_6\" name=\"wpforms[fields][8][]\" value=\"Spielwaren\" required ><label class=\"wpforms-field-label-inline\" for=\"wpforms-579-field_8_6\">Spielwaren<\/label><\/li><li class=\"choice-7 depth-1\"><input type=\"checkbox\" id=\"wpforms-579-field_8_7\" name=\"wpforms[fields][8][]\" value=\"Hausrat\" required ><label class=\"wpforms-field-label-inline\" for=\"wpforms-579-field_8_7\">Hausrat<\/label><\/li><li class=\"choice-8 depth-1\"><input type=\"checkbox\" id=\"wpforms-579-field_8_8\" name=\"wpforms[fields][8][]\" value=\"Dekoartikel\" required ><label class=\"wpforms-field-label-inline\" for=\"wpforms-579-field_8_8\">Dekoartikel<\/label><\/li><li class=\"choice-9 depth-1\"><input type=\"checkbox\" id=\"wpforms-579-field_8_9\" name=\"wpforms[fields][8][]\" value=\"Sonstiges\" required ><label class=\"wpforms-field-label-inline\" for=\"wpforms-579-field_8_9\">Sonstiges<\/label><\/li><\/ul><\/div><div id=\"wpforms-579-field_9-container\" class=\"wpforms-field wpforms-field-textarea\" data-field-id=\"9\"><label class=\"wpforms-field-label\" for=\"wpforms-579-field_9\">Beschreibung Sonstiges<\/label><textarea id=\"wpforms-579-field_9\" class=\"wpforms-field-medium\" name=\"wpforms[fields][9]\" ><\/textarea><\/div><\/div><div class=\"wpforms-submit-container\" ><input type=\"hidden\" name=\"wpforms[id]\" value=\"579\"><input type=\"hidden\" name=\"wpforms[author]\" value=\"3\"><button type=\"submit\" name=\"wpforms[submit]\" class=\"wpforms-submit \" id=\"wpforms-submit-579\" value=\"wpforms-submit\" aria-live=\"assertive\" data-alt-text=\"Senden...\" data-submit-text=\"Absenden\">Absenden<\/button><\/div><\/form><\/div>  <!-- .wpforms-container -->\t\t<\/div>\n\t\t\t\t<\/div>\n\t\t\t\t\t\t<\/div>\n\t\t\t\t\t<\/div>\n\t\t<\/div>\n\t\t\t\t\t\t\t\t<\/div>\n\t\t\t\t\t<\/div>\n\t\t<\/section>\n\t\t\t\t\t\t<\/div>\n\t\t\t\t\t\t<\/div>\n\t\t\t\t\t<\/div>\n\t\t","protected":false},"excerpt":{"rendered":"<p>WANN: 20. September 2025von 10.00 bis 14.00 Uhr WO: Auf den Grundst\u00fccken der Verk\u00e4ufer Spielregeln: Jeder Verk\u00e4ufer (Teilnehmer) ist Veranstalter auf seinem Grundst\u00fcck und somit f\u00fcr die Einhaltung der aktuellen Hygieneverordnungen des Landes verantwortlich. Bitte nehmen Sie R\u00fccksicht auf Ihre Nachbarn und vermeiden Sie M\u00fcll. Verkehrs- und Rettungswege snd stets frei zu halten Regelm\u00e4\u00dfiges Reinigen [&hellip;]<\/p>\n","protected":false},"author":3,"featured_media":0,"parent":0,"menu_order":0,"comment_status":"closed","ping_status":"closed","template":"","meta":[],"_links":{"self":[{"href":"https:\/\/lebendiges-oftersheim.de\/index.php?rest_route=\/wp\/v2\/pages\/570"}],"collection":[{"href":"https:\/\/lebendiges-oftersheim.de\/index.php?rest_route=\/wp\/v2\/pages"}],"about":[{"href":"https:\/\/lebendiges-oftersheim.de\/index.php?rest_route=\/wp\/v2\/types\/page"}],"author":[{"embeddable":true,"href":"https:\/\/lebendiges-oftersheim.de\/index.php?rest_route=\/wp\/v2\/users\/3"}],"replies":[{"embeddable":true,"href":"https:\/\/lebendiges-oftersheim.de\/index.php?rest_route=%2Fwp%2Fv2%2Fcomments&post=570"}],"version-history":[{"count":90,"href":"https:\/\/lebendiges-oftersheim.de\/index.php?rest_route=\/wp\/v2\/pages\/570\/revisions"}],"predecessor-version":[{"id":792,"href":"https:\/\/lebendiges-oftersheim.de\/index.php?rest_route=\/wp\/v2\/pages\/570\/revisions\/792"}],"wp:attachment":[{"href":"https:\/\/lebendiges-oftersheim.de\/index.php?rest_route=%2Fwp%2Fv2%2Fmedia&parent=570"}],"curies":[{"name":"wp","href":"https:\/\/api.w.org\/{rel}","templated":true}]}}