{"id":5,"date":"2019-03-10T10:38:31","date_gmt":"2019-03-10T10:38:31","guid":{"rendered":"http:\/\/lebendiges-oftersheim.de\/?page_id=5"},"modified":"2021-02-16T15:02:36","modified_gmt":"2021-02-16T15:02:36","slug":"datenschutzerklaerung","status":"publish","type":"page","link":"https:\/\/lebendiges-oftersheim.de\/?page_id=5","title":{"rendered":"Datenschutzerkl\u00e4rung"},"content":{"rendered":"\n<ol><li><strong>Verantwortlichen Stelle:<\/strong><br> Kerstin Schnabel<br> Mannheimer Stra\u00dfe 70<br> D-68723 Oftersheim<br> E-Mail: kerstin.schnabel@lebendiges-oftersheim.de <br> <br> Patrick Sch\u00f6nenberg<br> Hermann-Hesse-Str. 9<br> D-68723 Oftersheim<br> E-Mail: patrick.schoenenberg@web.de<br><\/li><li><strong>Protokollierung:<br> <\/strong>Unser Webseiten-Provider (Strato AG) erhebt und speichert automatisch Informationen in so genannten Server-Log-Dateien:<br> \u2013 Browsertyp und Browserversion<br> \u2013 verwendetes Betriebssystem<br> \u2013 Referrer URL<br> \u2013 Hostname des zugreifenden Rechners<br> \u2013 Uhrzeit der Serveranfrage<br> \u2013 IP-Adresse Dies geschieht zum Zweck, St\u00f6rungen und Angriffe zu erkennen und zu  beheben bzw. abzuwehren. Die Logdatei wird nach 7 Tagen gel\u00f6scht.<br><\/li><li><strong>Empf\u00e4nger von Daten: <\/strong>STRATO AG<br> Pascalstr. 10<br> D-10587 Berlin<br> Deutschland<br><\/li><li><strong>Ihre Rechte: <\/strong>Sie haben das Recht, von uns Auskunft \u00fcber  die zu Ihrer Person gespeicherten Daten zu erhalten und\/oder unrichtig  gespeicherte Daten berichtigen zu lassen. Sie haben dar\u00fcber hinaus das Recht auf L\u00f6schung oder auf  Einschr\u00e4nkung der Verarbeitung oder ein Widerspruchsrecht gegen die  Verarbeitung. Bitte wenden Sie sich dazu an die oben genannte Person. Sie haben  ebenfalls das Recht auf Beschwerde bei der Aufsichtsbeh\u00f6rde, wenn Sie  der Ansicht sind, dass die Verarbeitung der Sie betreffenden  personenbezogenen Daten gegen die Rechtvorschriften verst\u00f6\u00dft. Die zust\u00e4ndige Aufsichtsbeh\u00f6rde ist der Landesbeauftragte f\u00fcr den  Datenschutz und die Informationsfreiheit Baden-W\u00fcrttemberg in Stuttgart.<br><\/li><li><strong>Cookies <\/strong>Unsere Webseite verwendet Cookies. Dieser  Cookie enth\u00e4lt eine zuf\u00e4llige ID, die eine eindeutige Identifizierung  des Browsers beim erneuten Aufrufen dieser Webseite erm\u00f6glicht. Einige Funktionen unserer Internetseite k\u00f6nnen ohne den Einsatz von  Cookies nicht angeboten werden. F\u00fcr diese ist es erforderlich, dass der  Browser auch nach einem Seitenwechsel wiedererkannt wird. Die durch technisch notwendige Cookies erhobenen Nutzerdaten werden nicht zur Erstellung von Nutzerprofilen verwendet. In diesen Zwecken liegt auch unser berechtigtes Interesse in der  Verarbeitung der personenbezogenen Daten nach Art. 6 Abs. 1 lit. f  DS-GVO. Die Rechtsgrundlage f\u00fcr die Verarbeitung personenbezogener Daten  unter Verwendung von Cookies ist Art. 6 Abs. 1 lit. f DS-GVO.<br><\/li><li><strong>Nutzung von Kontaktdaten dieser Webseite:<\/strong> Der Nutzung von im Rahmen der Impressumspflicht ver\u00f6ffentlichten  Kontaktdaten zur \u00dcbersendung von nicht ausdr\u00fccklich angeforderter  Werbung und Informationsmaterialien wird hiermit widersprochen. Die  Betreiber der Seiten behalten sich ausdr\u00fccklich rechtliche Schritte im  Falle der unverlangten Zusendung von Werbeinformationen, etwa durch  Spam-E-Mails, vor.<\/li><\/ol>\n\n\n\n<p><\/p>\n","protected":false},"excerpt":{"rendered":"<p>Verantwortlichen Stelle: Kerstin Schnabel Mannheimer Stra\u00dfe 70 D-68723 Oftersheim E-Mail: kerstin.schnabel@lebendiges-oftersheim.de Patrick Sch\u00f6nenberg Hermann-Hesse-Str. 9 D-68723 Oftersheim E-Mail: patrick.schoenenberg@web.de Protokollierung: Unser Webseiten-Provider (Strato AG) erhebt und speichert automatisch Informationen in so genannten Server-Log-Dateien: \u2013 Browsertyp und Browserversion \u2013 verwendetes Betriebssystem \u2013 Referrer URL \u2013 Hostname des zugreifenden Rechners \u2013 Uhrzeit der Serveranfrage \u2013 IP-Adresse Dies [&hellip;]<\/p>\n","protected":false},"author":1,"featured_media":0,"parent":0,"menu_order":0,"comment_status":"closed","ping_status":"closed","template":"","meta":[],"_links":{"self":[{"href":"https:\/\/lebendiges-oftersheim.de\/index.php?rest_route=\/wp\/v2\/pages\/5"}],"collection":[{"href":"https:\/\/lebendiges-oftersheim.de\/index.php?rest_route=\/wp\/v2\/pages"}],"about":[{"href":"https:\/\/lebendiges-oftersheim.de\/index.php?rest_route=\/wp\/v2\/types\/page"}],"author":[{"embeddable":true,"href":"https:\/\/lebendiges-oftersheim.de\/index.php?rest_route=\/wp\/v2\/users\/1"}],"replies":[{"embeddable":true,"href":"https:\/\/lebendiges-oftersheim.de\/index.php?rest_route=%2Fwp%2Fv2%2Fcomments&post=5"}],"version-history":[{"count":3,"href":"https:\/\/lebendiges-oftersheim.de\/index.php?rest_route=\/wp\/v2\/pages\/5\/revisions"}],"predecessor-version":[{"id":401,"href":"https:\/\/lebendiges-oftersheim.de\/index.php?rest_route=\/wp\/v2\/pages\/5\/revisions\/401"}],"wp:attachment":[{"href":"https:\/\/lebendiges-oftersheim.de\/index.php?rest_route=%2Fwp%2Fv2%2Fmedia&parent=5"}],"curies":[{"name":"wp","href":"https:\/\/api.w.org\/{rel}","templated":true}]}}