{"id":484,"date":"2022-04-29T08:22:23","date_gmt":"2022-04-29T08:22:23","guid":{"rendered":"http:\/\/lebendiges-oftersheim.de\/?page_id=484"},"modified":"2022-05-02T08:03:11","modified_gmt":"2022-05-02T08:03:11","slug":"elementor-484","status":"publish","type":"page","link":"https:\/\/lebendiges-oftersheim.de\/?page_id=484","title":{"rendered":"Losnummern-Liste Osterhasi 2022"},"content":{"rendered":"\t\t<div data-elementor-type=\"wp-page\" data-elementor-id=\"484\" class=\"elementor elementor-484\" data-elementor-settings=\"[]\">\n\t\t\t\t\t\t<div class=\"elementor-inner\">\n\t\t\t\t\t\t\t<div class=\"elementor-section-wrap\">\n\t\t\t\t\t\t\t<section class=\"elementor-section elementor-top-section elementor-element elementor-element-3710407b elementor-section-boxed elementor-section-height-default elementor-section-height-default\" data-id=\"3710407b\" data-element_type=\"section\">\n\t\t\t\t\t\t<div class=\"elementor-container elementor-column-gap-default\">\n\t\t\t\t\t\t\t<div class=\"elementor-row\">\n\t\t\t\t\t<div class=\"elementor-column elementor-col-100 elementor-top-column elementor-element elementor-element-9adb2ab\" data-id=\"9adb2ab\" data-element_type=\"column\">\n\t\t\t<div class=\"elementor-column-wrap elementor-element-populated\">\n\t\t\t\t\t\t\t<div class=\"elementor-widget-wrap\">\n\t\t\t\t\t\t<div class=\"elementor-element elementor-element-28eb7326 elementor-widget elementor-widget-text-editor\" data-id=\"28eb7326\" data-element_type=\"widget\" data-widget_type=\"text-editor.default\">\n\t\t\t\t<div class=\"elementor-widget-container\">\n\t\t\t\t\t<div class=\"elementor-text-editor elementor-clearfix\"><!-- wp:paragraph -->\n<p>Am Freitag, den 23. April 2022&nbsp;erfolgte die Ziehung der Losnummern der Osteraktion vom Verein Lebendiges Oftersheim \u2013 Gemeinschaft f\u00fcr Handel, Handwerk &amp; Dienstleistung e.V. Die Ziehung fand digital statt.<\/p>\n<!-- \/wp:paragraph -->\n\n<!-- wp:paragraph -->\n<p>Die Gewinne k\u00f6nnen bis sp\u00e4testens 24. Juni 2022&nbsp;gegen Vorlage des Original-Oftershasi mit der aufgedruckten Losnummer bei dem jeweiligen spendenden Gewerbe&nbsp;abgeholt werden. F\u00fcr die bis zu diesem Datum nicht eingel\u00f6sten Gewinnlose verf\u00e4llt der Anspruch und es werden anschlie\u00dfend die gewinnberechtigten Ersatzlos-Nummern ver\u00f6ffentlicht. Die Gewinner der Ersatzlose m\u00fcssen die Gewinne bis sp\u00e4testens 22. Juli 2022&nbsp;einl\u00f6sen.<br><br><\/p>\n<!-- \/wp:paragraph -->\n\n<!-- wp:table {\"className\":\"is-style-stripes\"} -->\n<figure class=\"wp-block-table is-style-stripes\"><table><tbody><tr><td><strong>Losnummer&nbsp;<\/strong><\/td><td><strong>Wert<\/strong><\/td><td><strong>Wer<\/strong><\/td><\/tr><tr><td>100062<\/td><td>Gutschein 30 Euro<\/td><td>Landbrotb\u00e4ckerei Schnabel<\/td><\/tr><tr><td>100091<\/td><td>Raumspray &#8222;Kraft tanken&#8220;<\/td><td>Praxis Dr. Laupichler<\/td><\/tr><tr><td>100158<\/td><td>Gutschein 20 Euro<\/td><td>Kurpfalzapotheke<\/td><\/tr><tr><td>100164<\/td><td>Gutschein 15 Euro<\/td><td>Bauernladen Gieser<\/td><\/tr><tr><td>100200<\/td><td>Gutschein 50 Euro<\/td><td>Mozartapotheke<\/td><\/tr><tr><td>100232<\/td><td>Gutschein 30 Euro<\/td><td>Landbrotb\u00e4ckerei Schnabel<\/td><\/tr><tr><td>100277<\/td><td>Gutschein 50 Euro<\/td><td>Mozartapotheke<\/td><\/tr><tr><td>100293<\/td><td>30 Euro Sachpreis<\/td><td>Pflegedienst Kurz Ketterer<\/td><\/tr><tr><td>100305<\/td><td>mediterranes St\u00e4mmchen 50 Euro<\/td><td>Ingeborgs Floristikwerkstatt<\/td><\/tr><tr><td>100339<\/td><td>Gutschein 15 Euro<\/td><td>Bauernladen Gieser<\/td><\/tr><tr><td>100353<\/td><td>Gutschein 50 Euro<\/td><td>Mozartapotheke<\/td><\/tr><tr><td>100367<\/td><td>Gutschein 15 Euro<\/td><td>die Brillenmacher<\/td><\/tr><tr><td>100376<\/td><td>Gutschein 30 Euro<\/td><td>Hardtwaldapotheke<\/td><\/tr><tr><td>100413<\/td><td>Kr\u00e4uterbox 17,50 Euro<\/td><td>Blumenhaus Geider<\/td><\/tr><tr><td>100416<\/td><td>30 Euro Sachpreis<\/td><td>Pflegedienst Kurz Ketterer<\/td><\/tr><tr><td>100432<\/td><td>Kr\u00e4uterbox 17,50 Euro<\/td><td>Blumenhaus Geider<\/td><\/tr><tr><td>100453<\/td><td>Buch &#8222;Woman on Fire&#8220;<\/td><td>Praxis Dr. Laupichler<\/td><\/tr><tr><td>100470<\/td><td>Gutschein 20 Euro<\/td><td>Kurpfalzapotheke<\/td><\/tr><tr><td>100479<\/td><td>Gutschein 30 Euro<\/td><td>Ingeborgs Floristikwerkstatt<\/td><\/tr><tr><td>100515<\/td><td>Buch &#8222;Woman on Fire&#8220;<\/td><td>Praxis Dr. Laupichler<\/td><\/tr><tr><td>100550<\/td><td>Gutschein 30 Euro<\/td><td>Hardtwaldapotheke<\/td><\/tr><tr><td>100565<\/td><td>Gutschein 15 Euro<\/td><td>die Brillenmacher<\/td><\/tr><tr><td>100568<\/td><td>Gutschein 30 Euro<\/td><td>Hardtwaldapotheke<\/td><\/tr><tr><td>100571<\/td><td>Gutschein 20 Euro<\/td><td>Kurpfalzapotheke<\/td><\/tr><tr><td>100582<\/td><td>Gutschein 50 Euro<\/td><td>Optik Lenk<\/td><\/tr><tr><td>100678<\/td><td>Gutschein&nbsp; 500 Euro<\/td><td>Sparkasse Heidelberg<\/td><\/tr><tr><td>100691<\/td><td>Sachpreis<\/td><td>Elektro Rauchholz<\/td><\/tr><tr><td>100696<\/td><td>500 Euro Sachpreis<\/td><td>S-Quadrat-Konzepte<\/td><\/tr><tr><td>100700<\/td><td>30 Euro Sachpreis<\/td><td>Pflegedienst Kurz Ketterer<\/td><\/tr><tr><td>100733<\/td><td>Gutschein 30 Euro<\/td><td>Landbrotb\u00e4ckerei Schnabel<\/td><\/tr><tr><td>100773<\/td><td>Kr\u00e4uterbox 17,50 Euro<\/td><td>Blumenhaus Geider<\/td><\/tr><tr><td>100912<\/td><td>Gutschein 30 Euro<\/td><td>Landbrotb\u00e4ckerei Schnabel<\/td><\/tr><tr><td>100951<\/td><td>Kr\u00e4uterbox 17,50 Euro<\/td><td>Blumenhaus Geider<\/td><\/tr><tr><td>100976<\/td><td>Gutschein 30 Euro<\/td><td>Hardtwaldapotheke<\/td><\/tr><tr><td>100988<\/td><td>Raumspray &#8222;Kraft tanken&#8220;<\/td><td>Praxis Dr. Laupichler<\/td><\/tr><tr><td>100992<\/td><td>Kr\u00e4uterbox 17,50 Euro<\/td><td>Blumenhaus Geider<\/td><\/tr><tr><td>101126<\/td><td>Gutschein 30 Euro<\/td><td>Ingeborgs Floristikwerkstatt<\/td><\/tr><tr><td>101154<\/td><td>Gutschein 30 Euro<\/td><td>Ingeborgs Floristikwerkstatt<\/td><\/tr><tr><td>101163<\/td><td>Raumspray &#8222;Kraft tanken&#8220;<\/td><td>Praxis Dr. Laupichler<\/td><\/tr><tr><td>101205<\/td><td>Gro\u00dfpackung Thermacare R\u00fccken<\/td><td>Mozartapotheke<\/td><\/tr><tr><td>101247<\/td><td>mediterranes St\u00e4mmchen 50 Euro<\/td><td>Ingeborgs Floristikwerkstatt<\/td><\/tr><tr><td>101284<\/td><td>Gutschein 20 Euro<\/td><td>Kurpfalzapotheke<\/td><\/tr><tr><td>101290<\/td><td>Sachpreis<\/td><td>Elektro Rauchholz<\/td><\/tr><tr><td>101378<\/td><td>Raumspray &#8222;Kraft tanken&#8220;<\/td><td>Praxis Dr. Laupichler<\/td><\/tr><tr><td>101383<\/td><td>Gutschein 30 Euro<\/td><td>Landbrotb\u00e4ckerei Schnabel<\/td><\/tr><tr><td>101427<\/td><td>30 Euro Sachpreis<\/td><td>Pflegedienst Kurz Ketterer<\/td><\/tr><tr><td>101457<\/td><td>Buch &#8222;Woman on Fire&#8220;<\/td><td>Praxis Dr. Laupichler<\/td><\/tr><tr><td>101526<\/td><td>Kr\u00e4uterbox 17,50 Euro<\/td><td>Blumenhaus Geider<\/td><\/tr><tr><td>101622<\/td><td>Buch &#8222;Woman on Fire&#8220;<\/td><td>Praxis Dr. Laupichler<\/td><\/tr><tr><td>101624<\/td><td>Gutschein 250 Euro Malerarbeiten<\/td><td>Malerbetrieb Weixler<\/td><\/tr><tr><td>101675<\/td><td>Blutdruckmessger\u00e4t<\/td><td>Mozartapotheke<\/td><\/tr><tr><td>101739<\/td><td>Kr\u00e4uterbox 17,50 Euro<\/td><td>Blumenhaus Geider<\/td><\/tr><tr><td>101767<\/td><td>Gutschein 20 Euro<\/td><td>Kurpfalzapotheke<\/td><\/tr><tr><td>101770<\/td><td>Kr\u00e4uterbox 17,50 Euro<\/td><td>Blumenhaus Geider<\/td><\/tr><tr><td>101829<\/td><td>Raumspray &#8222;Kraft tanken&#8220;<\/td><td>Praxis Dr. Laupichler<\/td><\/tr><tr><td>101861<\/td><td>Gutschein 50 Euro<\/td><td>Optik Lenk<\/td><\/tr><tr><td>101878<\/td><td>Gutschein 15 Euro<\/td><td>Bauernladen Gieser<\/td><\/tr><tr><td>101889<\/td><td>Kr\u00e4uterbox 17,50 Euro<\/td><td>Blumenhaus Geider<\/td><\/tr><tr><td>101899<\/td><td>Buch &#8222;Woman on Fire&#8220;<\/td><td>Praxis Dr. Laupichler<\/td><\/tr><tr><td>101921<\/td><td>Kr\u00e4uterbox 17,50 Euro<\/td><td>Blumenhaus Geider<\/td><\/tr><tr><td>101948<\/td><td>Gutschein 15 Euro<\/td><td>Bauernladen Gieser<\/td><\/tr><tr><td>101954<\/td><td>Gutschein f\u00fcr Tapas Abend f\u00fcr 2 Personen<\/td><td>Landhof Simon Colar<\/td><\/tr><tr><td>101962<\/td><td>Gutschein 250 Euro Malerarbeiten<\/td><td>Malerbetrieb Weixler<\/td><\/tr><tr><td>101999<\/td><td>Sachpreis<\/td><td>Elektro Rauchholz<\/td><\/tr><tr><td>102466<\/td><td>Gutschein 15 Euro<\/td><td>die Brillenmacher<\/td><\/tr><tr><td>102467<\/td><td>30 Euro Sachpreis<\/td><td>Pflegedienst Kurz Ketterer<\/td><\/tr><\/tbody><\/table><\/figure>\n<!-- \/wp:table --><\/div>\n\t\t\t\t<\/div>\n\t\t\t\t<\/div>\n\t\t\t\t\t\t<\/div>\n\t\t\t\t\t<\/div>\n\t\t<\/div>\n\t\t\t\t\t\t\t\t<\/div>\n\t\t\t\t\t<\/div>\n\t\t<\/section>\n\t\t\t\t\t\t<\/div>\n\t\t\t\t\t\t<\/div>\n\t\t\t\t\t<\/div>\n\t\t","protected":false},"excerpt":{"rendered":"<p>Am Freitag, den 23. April 2022&nbsp;erfolgte die Ziehung der Losnummern der Osteraktion vom Verein Lebendiges Oftersheim \u2013 Gemeinschaft f\u00fcr Handel, Handwerk &amp; Dienstleistung e.V. Die Ziehung fand digital statt. Die Gewinne k\u00f6nnen bis sp\u00e4testens 24. Juni 2022&nbsp;gegen Vorlage des Original-Oftershasi mit der aufgedruckten Losnummer bei dem jeweiligen spendenden Gewerbe&nbsp;abgeholt werden. F\u00fcr die bis zu diesem [&hellip;]<\/p>\n","protected":false},"author":3,"featured_media":0,"parent":0,"menu_order":0,"comment_status":"closed","ping_status":"closed","template":"","meta":[],"_links":{"self":[{"href":"https:\/\/lebendiges-oftersheim.de\/index.php?rest_route=\/wp\/v2\/pages\/484"}],"collection":[{"href":"https:\/\/lebendiges-oftersheim.de\/index.php?rest_route=\/wp\/v2\/pages"}],"about":[{"href":"https:\/\/lebendiges-oftersheim.de\/index.php?rest_route=\/wp\/v2\/types\/page"}],"author":[{"embeddable":true,"href":"https:\/\/lebendiges-oftersheim.de\/index.php?rest_route=\/wp\/v2\/users\/3"}],"replies":[{"embeddable":true,"href":"https:\/\/lebendiges-oftersheim.de\/index.php?rest_route=%2Fwp%2Fv2%2Fcomments&post=484"}],"version-history":[{"count":28,"href":"https:\/\/lebendiges-oftersheim.de\/index.php?rest_route=\/wp\/v2\/pages\/484\/revisions"}],"predecessor-version":[{"id":711,"href":"https:\/\/lebendiges-oftersheim.de\/index.php?rest_route=\/wp\/v2\/pages\/484\/revisions\/711"}],"wp:attachment":[{"href":"https:\/\/lebendiges-oftersheim.de\/index.php?rest_route=%2Fwp%2Fv2%2Fmedia&parent=484"}],"curies":[{"name":"wp","href":"https:\/\/api.w.org\/{rel}","templated":true}]}}