{"id":45,"date":"2019-06-12T10:44:48","date_gmt":"2019-06-12T10:44:48","guid":{"rendered":"http:\/\/lebendiges-oftersheim.de\/?page_id=45"},"modified":"2021-02-16T15:00:24","modified_gmt":"2021-02-16T15:00:24","slug":"ueber-uns","status":"publish","type":"page","link":"https:\/\/lebendiges-oftersheim.de\/","title":{"rendered":"\u00dcber uns"},"content":{"rendered":"\t\t<div data-elementor-type=\"wp-post\" data-elementor-id=\"45\" class=\"elementor elementor-45\" data-elementor-settings=\"[]\">\n\t\t\t\t\t\t<div class=\"elementor-inner\">\n\t\t\t\t\t\t\t<div class=\"elementor-section-wrap\">\n\t\t\t\t\t\t\t<section class=\"elementor-section elementor-top-section elementor-element elementor-element-6f6fb277 elementor-section-boxed elementor-section-height-default elementor-section-height-default\" data-id=\"6f6fb277\" data-element_type=\"section\">\n\t\t\t\t\t\t<div class=\"elementor-container elementor-column-gap-default\">\n\t\t\t\t\t\t\t<div class=\"elementor-row\">\n\t\t\t\t\t<div class=\"elementor-column elementor-col-100 elementor-top-column elementor-element elementor-element-2e2970de\" data-id=\"2e2970de\" data-element_type=\"column\">\n\t\t\t<div class=\"elementor-column-wrap elementor-element-populated\">\n\t\t\t\t\t\t\t<div class=\"elementor-widget-wrap\">\n\t\t\t\t\t\t<div class=\"elementor-element elementor-element-847c4dd elementor-widget elementor-widget-image\" data-id=\"847c4dd\" data-element_type=\"widget\" data-widget_type=\"image.default\">\n\t\t\t\t<div class=\"elementor-widget-container\">\n\t\t\t\t\t<div class=\"elementor-image\">\n\t\t\t\t\t\t\t\t\t\t<img width=\"1024\" height=\"383\" src=\"https:\/\/lebendiges-oftersheim.de\/wp-content\/uploads\/2021\/02\/Pano-Oftersheim-farbe-2015-1024x383.jpg\" class=\"attachment-large size-large\" alt=\"\" loading=\"lazy\" srcset=\"https:\/\/lebendiges-oftersheim.de\/wp-content\/uploads\/2021\/02\/Pano-Oftersheim-farbe-2015-1024x383.jpg 1024w, https:\/\/lebendiges-oftersheim.de\/wp-content\/uploads\/2021\/02\/Pano-Oftersheim-farbe-2015-300x112.jpg 300w, https:\/\/lebendiges-oftersheim.de\/wp-content\/uploads\/2021\/02\/Pano-Oftersheim-farbe-2015-768x287.jpg 768w, https:\/\/lebendiges-oftersheim.de\/wp-content\/uploads\/2021\/02\/Pano-Oftersheim-farbe-2015-1536x574.jpg 1536w, https:\/\/lebendiges-oftersheim.de\/wp-content\/uploads\/2021\/02\/Pano-Oftersheim-farbe-2015-2048x765.jpg 2048w\" sizes=\"(max-width: 1024px) 100vw, 1024px\" \/>\t\t\t\t\t\t\t\t\t\t\t<\/div>\n\t\t\t\t<\/div>\n\t\t\t\t<\/div>\n\t\t\t\t<div class=\"elementor-element elementor-element-2be1fe88 elementor-widget elementor-widget-text-editor\" data-id=\"2be1fe88\" data-element_type=\"widget\" data-widget_type=\"text-editor.default\">\n\t\t\t\t<div class=\"elementor-widget-container\">\n\t\t\t\t\t<div class=\"elementor-text-editor elementor-clearfix\"><!-- wp:paragraph -->\n<p>Unsere Gemeinschaft besteht aus Oftersheimer Gewerbetreibenden, Handwerk und Dienstleistern, die das gemeinsame Ziel eint, den lokalen Wirtschaftsstandort zu erhalten und zu st\u00e4rken. M\u00e4rkte auf der gr\u00fcnen Wiese und Angebote im weltweiten Netz ziehen seit Jahren Kaufkraft aus den Orten ab und sorgen f\u00fcr ein langsames Sterben der Innenst\u00e4dte. Wir wollen diesem Trend entgegentreten und zeigen, dass Oftersheim mehr zu bieten hat, als die meisten wissen. <\/p>\n<!-- \/wp:paragraph -->\n\n<!-- wp:paragraph -->\n<p>Willkommen ist jeder, der sich hier wiederfindet und seinen\nTeil dazu beitragen m\u00f6chte, dass diese Gemeinschaft Erfolg hat.<\/p>\n<!-- \/wp:paragraph -->\n\n<!-- wp:paragraph -->\n<p>In regelm\u00e4\u00dfigen Treffen werden gemeinsame Aktionen,\nWerbema\u00dfnahmen oder Veranstaltungen diskutiert, geplant und durchgef\u00fchrt. Nach\ndem Motto \u201ealles kann, niemand muss\u201c sind wir f\u00fcr neue und kreative Ideen\noffen. Die Entscheidung \u00fcber eine Beteiligung an den Aktionen bleibt am Ende\nimmer jedem selbst \u00fcberlassen.<\/p>\n<!-- \/wp:paragraph -->\n\n<!-- wp:paragraph -->\n<p>Eines unserer ersten gro\u00dfen Projekte wird eine Brosch\u00fcre sein, in der sich Mitglieder mit Ihrem Portfolio pr\u00e4sentieren k\u00f6nnen. Diese Brosch\u00fcre soll keine Werbung im klassischen Sinn darstellen, die nach einmaligem Lesen in den Abfalleimer wandert, sondern vielmehr ein dauerhaftes Verzeichnis aller M\u00f6glichkeiten, die Oftersheim zu bieten hat. <\/p>\n<!-- \/wp:paragraph --><\/div>\n\t\t\t\t<\/div>\n\t\t\t\t<\/div>\n\t\t\t\t\t\t<\/div>\n\t\t\t\t\t<\/div>\n\t\t<\/div>\n\t\t\t\t\t\t\t\t<\/div>\n\t\t\t\t\t<\/div>\n\t\t<\/section>\n\t\t\t\t<section class=\"elementor-section elementor-top-section elementor-element elementor-element-37bb488 elementor-section-boxed elementor-section-height-default elementor-section-height-default\" data-id=\"37bb488\" data-element_type=\"section\">\n\t\t\t\t\t\t<div class=\"elementor-container elementor-column-gap-default\">\n\t\t\t\t\t\t\t<div class=\"elementor-row\">\n\t\t\t\t\t<div class=\"elementor-column elementor-col-100 elementor-top-column elementor-element elementor-element-f9b2c49\" data-id=\"f9b2c49\" data-element_type=\"column\">\n\t\t\t<div class=\"elementor-column-wrap\">\n\t\t\t\t\t\t\t<div class=\"elementor-widget-wrap\">\n\t\t\t\t\t\t\t\t<\/div>\n\t\t\t\t\t<\/div>\n\t\t<\/div>\n\t\t\t\t\t\t\t\t<\/div>\n\t\t\t\t\t<\/div>\n\t\t<\/section>\n\t\t\t\t\t\t<\/div>\n\t\t\t\t\t\t<\/div>\n\t\t\t\t\t<\/div>\n\t\t","protected":false},"excerpt":{"rendered":"<p>Unsere Gemeinschaft besteht aus Oftersheimer Gewerbetreibenden, Handwerk und Dienstleistern, die das gemeinsame Ziel eint, den lokalen Wirtschaftsstandort zu erhalten und zu st\u00e4rken. M\u00e4rkte auf der gr\u00fcnen Wiese und Angebote im weltweiten Netz ziehen seit Jahren Kaufkraft aus den Orten ab und sorgen f\u00fcr ein langsames Sterben der Innenst\u00e4dte. Wir wollen diesem Trend entgegentreten und zeigen, [&hellip;]<\/p>\n","protected":false},"author":2,"featured_media":0,"parent":0,"menu_order":0,"comment_status":"closed","ping_status":"closed","template":"","meta":[],"_links":{"self":[{"href":"https:\/\/lebendiges-oftersheim.de\/index.php?rest_route=\/wp\/v2\/pages\/45"}],"collection":[{"href":"https:\/\/lebendiges-oftersheim.de\/index.php?rest_route=\/wp\/v2\/pages"}],"about":[{"href":"https:\/\/lebendiges-oftersheim.de\/index.php?rest_route=\/wp\/v2\/types\/page"}],"author":[{"embeddable":true,"href":"https:\/\/lebendiges-oftersheim.de\/index.php?rest_route=\/wp\/v2\/users\/2"}],"replies":[{"embeddable":true,"href":"https:\/\/lebendiges-oftersheim.de\/index.php?rest_route=%2Fwp%2Fv2%2Fcomments&post=45"}],"version-history":[{"count":5,"href":"https:\/\/lebendiges-oftersheim.de\/index.php?rest_route=\/wp\/v2\/pages\/45\/revisions"}],"predecessor-version":[{"id":400,"href":"https:\/\/lebendiges-oftersheim.de\/index.php?rest_route=\/wp\/v2\/pages\/45\/revisions\/400"}],"wp:attachment":[{"href":"https:\/\/lebendiges-oftersheim.de\/index.php?rest_route=%2Fwp%2Fv2%2Fmedia&parent=45"}],"curies":[{"name":"wp","href":"https:\/\/api.w.org\/{rel}","templated":true}]}}