{"id":113,"date":"2020-07-27T14:08:19","date_gmt":"2020-07-27T14:08:19","guid":{"rendered":"http:\/\/lebendiges-oftersheim.de\/?page_id=113"},"modified":"2021-10-05T11:37:07","modified_gmt":"2021-10-05T11:37:07","slug":"elementor-113","status":"publish","type":"page","link":"https:\/\/lebendiges-oftersheim.de\/?page_id=113","title":{"rendered":"Gewerbe in Oftersheim"},"content":{"rendered":"\t\t<div data-elementor-type=\"wp-post\" data-elementor-id=\"113\" class=\"elementor elementor-113\" data-elementor-settings=\"[]\">\n\t\t\t\t\t\t<div class=\"elementor-inner\">\n\t\t\t\t\t\t\t<div class=\"elementor-section-wrap\">\n\t\t\t\t\t\t\t<section class=\"elementor-section elementor-top-section elementor-element elementor-element-4acca75 elementor-section-boxed elementor-section-height-default elementor-section-height-default\" data-id=\"4acca75\" data-element_type=\"section\">\n\t\t\t\t\t\t<div class=\"elementor-container elementor-column-gap-default\">\n\t\t\t\t\t\t\t<div class=\"elementor-row\">\n\t\t\t\t\t<div class=\"elementor-column elementor-col-100 elementor-top-column elementor-element elementor-element-6ed34f2\" data-id=\"6ed34f2\" data-element_type=\"column\">\n\t\t\t<div class=\"elementor-column-wrap elementor-element-populated\">\n\t\t\t\t\t\t\t<div class=\"elementor-widget-wrap\">\n\t\t\t\t\t\t<div class=\"elementor-element elementor-element-d9ec192 animated fadeIn elementor-widget elementor-widget-elegant_tabs\" data-id=\"d9ec192\" data-element_type=\"widget\" data-widget_type=\"elegant_tabs.default\">\n\t\t\t\t<div class=\"elementor-widget-container\">\n\t\t\t<div class=\"elementor-elegant-tabs\" role=\"tablist\" style=\"min-height: 100px;\"><section class=\"elegant-tabs-container\">\n\t\t<div class=\"et-tabs et-vertical non-justified-tabs et-mobile-disabled et-tabs-style-bars tab-class-74662723 et-align-left\" data-tab_style=\"bars\" data-active-bg=\"#61ce70\" data-active-text=\"#333333\" data-hover-bg=\"\" data-hover-text=\"\" data-active-tab=\"0\" data-auto-switch-tab=\"no\" data-switch-interval=\"5\"><nav>\n\t\t\t<ul class=\"elegant-tabs-list-container\" style=\"color:#61ce70\">\n\t\t\t<li data-id=\"536d1ca\" style=\"background:#EBEBEB;color:#74777b;\"><a class=\"et-anchor-tag\" style=\"color:#74777b;\" href=\"javascript:void();\" data-href=\"#section-536d1ca\"><span class=\"no-icon\">DIENSTLEISTUNG<\/span><\/a><\/li><li data-id=\"42b448d\" style=\"background:#EBEBEB;color:#74777b;\"><a class=\"et-anchor-tag\" style=\"color:#74777b;\" href=\"javascript:void();\" data-href=\"#section-42b448d\"><span class=\"no-icon\">HANDWERK<\/span><\/a><\/li><li data-id=\"7f960cd\" style=\"background:#EBEBEB;color:#74777b;\"><a class=\"et-anchor-tag\" style=\"color:#74777b;\" href=\"javascript:void();\" data-href=\"#section-7f960cd\"><span class=\"no-icon\">HANDEL<\/span><\/a><\/li>\n\t\t\t<\/ul><\/nav>\n\t\t<div class=\"et-content-wrap\">\n\t\t<div class=\"infi-responsive-tabs\" data-tab_style=\"bars\" data-active-bg=\"#61ce70\" data-active-text=\"#333333\" data-hover-bg=\"\" data-hover-text=\"\">\n\t\t\t\t\t<div class=\"infi-tab-accordion\">\n\t\t\t\t\t\t<div class=\"536d1ca_tab infi_accordion_item\" style=\"background:#EBEBEB;color:#74777b;\">\n\t\t\t\t\t\t\t<div class=\"infi-accordion-item-heading\" data-href=\"#section-536d1ca\" style=\"color:#74777b;\"><span class=\"no-icon\">DIENSTLEISTUNG<\/span>\n\t\t\t\t\t\t\t<\/div>\n\t\t\t\t\t\t<\/div>\n\t\t\t\t\t<\/div>\n\t\t\t\t<\/div><section id=\"section-536d1ca\" class=\"tab\" data-animation=\"fadeIn\" style=\"background:; color:;\"><div class=\"infi-content-wrapper\" style=\"column-count:1; column-gap:20px; column-rule: 0px  ;\"><div id=\"elegant-tabs-content-2281\" class=\"elegant-tabs-content elementor-clearfix\" data-tab=\"1\" role=\"tabpanel\" aria-labelledby=\"elegant-tabs-title-2281\"><div class=\"elementor-element elementor-element-7fd8435 elementor-widget elementor-widget-text-editor\" data-id=\"7fd8435\" data-element_type=\"widget\" data-widget_type=\"text-editor.default\"><div class=\"elementor-widget-container\"><div class=\"elementor-text-editor elementor-clearfix\"><div class=\"elementor-element elementor-element-7fd8435 elementor-widget elementor-widget-text-editor\" data-id=\"7fd8435\" data-element_type=\"widget\" data-widget_type=\"text-editor.default\"><div class=\"elementor-widget-container\"><div class=\"elementor-text-editor elementor-clearfix\">\u00a0<\/div><\/div><\/div><p><strong><img loading=\"lazy\" class=\"size-full wp-image-390 alignleft\" src=\"http:\/\/lebendiges-oftersheim.de\/wp-content\/uploads\/2021\/02\/Kurz-Ketterer250x210.jpg\" alt=\"\" width=\"250\" height=\"196\" \/><\/strong><\/p><p><strong>Alten- und Krankenpflege <br \/>Carmen Kurz-Ketterer GmbH<\/strong><\/p><p>Freiherr-vom-Stein Stra\u00dfe 20<br \/>68723 Oftersheim<br \/>Telefon: +49 6202 9 25 46\u00a0<br \/>eMail: <a title=\"alten-krankenpflege@kurz-ketterer.de\" href=\"mailto:alten-krankenpflege@kurz-ketterer.de\">alten-krankenpflege@kurz-ketterer.de<\/a><br \/><a href=\"http:\/\/www.kurz-ketterer.de\">www.kurz-ketterer.de<\/a><\/p><div class=\"elementor-element elementor-element-7fd8435 elementor-widget elementor-widget-text-editor\" data-id=\"7fd8435\" data-element_type=\"widget\" data-widget_type=\"text-editor.default\"><div class=\"elementor-widget-container\"><div class=\"elementor-text-editor elementor-clearfix\"><hr \/><\/div><\/div><\/div><p><img loading=\"lazy\" class=\"size-full wp-image-332 alignleft\" src=\"http:\/\/lebendiges-oftersheim.de\/wp-content\/uploads\/2021\/02\/SCS-250x210-1.jpg\" alt=\"\" width=\"250\" height=\"163\" \/><\/p><div class=\"elementor-column elementor-col-50 elementor-inner-column elementor-element elementor-element-bba5b38\" data-id=\"bba5b38\" data-element_type=\"column\"><div class=\"elementor-column-wrap elementor-element-populated\"><div class=\"elementor-widget-wrap\"><div class=\"elementor-element elementor-element-7fd8435 elementor-widget elementor-widget-text-editor\" data-id=\"7fd8435\" data-element_type=\"widget\" data-widget_type=\"text-editor.default\"><div class=\"elementor-widget-container\"><div class=\"elementor-text-editor elementor-clearfix\"><p><strong>Ren\u00e9 Leickenbach<br \/>Service-Projekt-Consulting<\/strong><\/p><p>Gustav-Struve-Stra\u00dfe 5 <br \/>68723 Oftersheim<br \/>Telefon: +49 6202 5799757<br \/>eMail: <a href=\"mailto:service@s-p-c.de\">service@s-p-c.de<\/a><br \/><a href=\"http:\/\/www.s-p-c.de\">www.s-p-c.de<\/a><\/p><\/div><\/div><\/div><\/div><\/div><\/div><hr \/><\/div><div class=\"elementor-text-editor elementor-clearfix\"><p><strong><img loading=\"lazy\" class=\"size-full wp-image-376 alignleft\" src=\"http:\/\/lebendiges-oftersheim.de\/wp-content\/uploads\/2021\/02\/WOW-WebLogo.jpg\" alt=\"\" width=\"250\" height=\"210\" \/><\/strong><\/p><p><strong>wozu design werbepartner<\/strong><\/p><p>Uhlandstra\u00dfe 33 <br \/>68723 Oftersheim<br \/>Telefon: +49 6202 56521<br \/>eMail: <a href=\"mailto:service@wozu-design.de\">service@wozu-design.de<\/a><br \/><a href=\"http:\/\/www.wow-promotion.com\">www.wow-promotion.com<\/a><\/p><\/div><\/div><\/div><hr \/><div class=\"elementor-element elementor-element-7fd8435 elementor-widget elementor-widget-text-editor\" data-id=\"7fd8435\" data-element_type=\"widget\" data-widget_type=\"text-editor.default\"><p class=\"c-copy c-copy--large u-margin-top-sm\"><strong><span class=\"u-text-weight-bold\"><img loading=\"lazy\" class=\"size-full wp-image-411 alignleft\" src=\"http:\/\/lebendiges-oftersheim.de\/wp-content\/uploads\/2021\/02\/Schmit-Kollenz.jpg\" alt=\"\" width=\"250\" height=\"210\" \/><\/span><\/strong><\/p><p class=\"c-copy c-copy--large u-margin-top-sm\"><strong><span class=\"u-text-weight-bold\">Allianz Vertretung Schmit und Kollenz GbR<\/span><\/strong><\/p><p class=\"c-copy c-copy--large u-margin-top-sm\">Mannheimer Str.113-115<br \/>68723 Oftersheim<br \/>Telefon: +49 6202 9707676<br \/>eMail: <a class=\"c-link c-link--text\" href=\"mailto:schmit-kollenz@allianz.de\"><span class=\"c-link__text\">schmit-kollenz@allianz.de<\/span><\/a><br \/><a href=\"\/vertretung.allianz.de\/schmit-kollenz\/\">www.vertretung.allianz.de\/schmit-kollenz\/<\/a><\/p><\/div><hr \/><p><strong><img loading=\"lazy\" class=\"size-full wp-image-431 alignleft\" src=\"http:\/\/lebendiges-oftersheim.de\/wp-content\/uploads\/2021\/02\/Frei-Immobilien-250x210-1.jpg\" alt=\"\" width=\"250\" height=\"210\" \/><\/strong><\/p><p><strong>Frei Immobilien<\/strong><\/p><p>Franz-Liszt-Stra\u00dfe 18<br \/>68723 Oftersheim-Schwetzingen<br \/>Telefon: 06202 \u2013 57 59 19<br \/>E-Mail:\u00a0<a href=\"mailto:info@frei-immobilien.de\">info@frei-immobilien.de<\/a><br \/><a href=\"http:\/\/www.frei-immobilien.de\">www.frei-immobilien.de<\/a><\/p><div class=\"elementor-element elementor-element-7fd8435 elementor-widget elementor-widget-text-editor\" data-id=\"7fd8435\" data-element_type=\"widget\" data-widget_type=\"text-editor.default\"><div class=\"elementor-widget-container\"><div class=\"elementor-text-editor elementor-clearfix\"><hr \/><p><strong><img loading=\"lazy\" class=\"size-full wp-image-406 alignleft\" src=\"http:\/\/lebendiges-oftersheim.de\/wp-content\/uploads\/2021\/02\/grafix_Logo-250x210-1.jpg\" alt=\"\" width=\"250\" height=\"210\" \/><\/strong><\/p><p><strong>grafix mediendesign. Susanne Fix<br \/><\/strong><br \/>Breslauer Stra\u00dfe 15<br \/>68723 Oftersheim<br \/>Tel. 06202 | 97 086 97<br \/><a href=\"mailto:grafix-mediendesign@gmx.de\">grafix-mediendesign@gmx.de<\/a><br \/><a href=\"http:\/\/www.grafix-mediendesign.de\">www.grafix-mediendesign.de<\/a><\/p><hr \/><p><strong><img loading=\"lazy\" class=\"wp-image-648 alignleft\" src=\"http:\/\/lebendiges-oftersheim.de\/wp-content\/uploads\/2021\/10\/2hoch64.jpg\" alt=\"\" width=\"250\" height=\"210\" srcset=\"https:\/\/lebendiges-oftersheim.de\/wp-content\/uploads\/2021\/10\/2hoch64.jpg 954w, https:\/\/lebendiges-oftersheim.de\/wp-content\/uploads\/2021\/10\/2hoch64-300x252.jpg 300w, https:\/\/lebendiges-oftersheim.de\/wp-content\/uploads\/2021\/10\/2hoch64-768x645.jpg 768w\" sizes=\"(max-width: 250px) 100vw, 250px\" \/><\/strong><\/p><p><span class=\"ml-2\"><strong>2 hoch64 GmbH<\/strong><\/span><\/p><p><span class=\"ml-4\">Besselstr. 25<br \/><\/span><span class=\"ml-4\">68219 Mannheim<\/span><br \/>Telefon: 0621 \u2013 84 55 290<br \/>E-Mail:\u00a0<a href=\"mailto:info@2hoch64.com\">i<\/a><a href=\"mailto:info@2hoch64.com\">nfo@2hoch64.com<\/a><br \/><a href=\"http:\/\/www.2hoch64.com\">www.2hoch64.com<\/a><\/p><hr \/><p><strong><img loading=\"lazy\" class=\"wp-image-649 alignleft\" src=\"http:\/\/lebendiges-oftersheim.de\/wp-content\/uploads\/2021\/10\/kurpfalz_Apo-logo-1.jpg\" alt=\"\" width=\"250\" height=\"210\" srcset=\"https:\/\/lebendiges-oftersheim.de\/wp-content\/uploads\/2021\/10\/kurpfalz_Apo-logo-1.jpg 954w, https:\/\/lebendiges-oftersheim.de\/wp-content\/uploads\/2021\/10\/kurpfalz_Apo-logo-1-300x252.jpg 300w, https:\/\/lebendiges-oftersheim.de\/wp-content\/uploads\/2021\/10\/kurpfalz_Apo-logo-1-768x645.jpg 768w\" sizes=\"(max-width: 250px) 100vw, 250px\" \/><\/strong><span class=\"ml-2\"><strong>Kurpfalz-Apotheke, Sonja Merdes e.K.<\/strong><\/span><\/p><p><span class=\"ml-4\">Mannheimer Str. 60<br \/><\/span><span class=\"ml-4\">68723 Oftersheim<\/span><br \/>Telefon: 06202 \u2013 59 48 22<br \/>E-Mail: <a href=\"mailto:info@kurpfalz-apo-oftersheim.de\">info@kurpfalz-apo-oftersheim.de<\/a><br \/><a href=\"http:\/\/www.kurpfalz-apo-oftersheim.de\">www.kurpfalz-apo-oftersheim.de<\/a><\/p><\/div><\/div><\/div><\/div><\/div><\/section><div class=\"infi-responsive-tabs\" data-tab_style=\"bars\" data-active-bg=\"#61ce70\" data-active-text=\"#333333\" data-hover-bg=\"\" data-hover-text=\"\">\n\t\t\t\t\t<div class=\"infi-tab-accordion\">\n\t\t\t\t\t\t<div class=\"42b448d_tab infi_accordion_item\" style=\"background:#EBEBEB;color:#74777b;\">\n\t\t\t\t\t\t\t<div class=\"infi-accordion-item-heading\" data-href=\"#section-42b448d\" style=\"color:#74777b;\"><span class=\"no-icon\">HANDWERK<\/span>\n\t\t\t\t\t\t\t<\/div>\n\t\t\t\t\t\t<\/div>\n\t\t\t\t\t<\/div>\n\t\t\t\t<\/div><section id=\"section-42b448d\" class=\"tab\" data-animation=\"fadeIn\" style=\"background:; color:;\"><div class=\"infi-content-wrapper\" style=\"column-count:1; column-gap:20px; column-rule: 0px  ;\"><div id=\"elegant-tabs-content-2282\" class=\"elegant-tabs-content elementor-clearfix\" data-tab=\"2\" role=\"tabpanel\" aria-labelledby=\"elegant-tabs-title-2282\"><p><img loading=\"lazy\" class=\"size-full wp-image-292 alignleft\" src=\"http:\/\/lebendiges-oftersheim.de\/wp-content\/uploads\/2021\/02\/squadrate-250x210-1.jpg\" alt=\"\" width=\"250\" height=\"210\" \/><strong>s-quadrat konzepte GmbH<\/strong><\/p><p>Gewerbepark Hardtwald 17<br \/>68723 Oftersheim<br \/>Telefon: +49 6202 57514 0<br \/>eMail: <a href=\"mailto:info@s-quadrat-konzepte.de\">info@s-quadrat-konzepte.de<\/a><br \/><a href=\"http:\/\/www.s-quadrat-konzepte.de\">www.s-quadrat-konzepte.de<\/a><\/p><hr \/><p><img loading=\"lazy\" class=\"size-full wp-image-287 alignleft\" src=\"http:\/\/lebendiges-oftersheim.de\/wp-content\/uploads\/2021\/02\/elektrogo-290x210-1.jpg\" alt=\"\" width=\"250\" height=\"210\" \/><\/p><p><strong>Heiko Rogozinski<br \/>ELEKTROGO\u00ae<\/strong><\/p><p>Hinter den Ortsg\u00e4rten 13<br \/>68723 Oftersheim<br \/>Telefon: +49 6202 128400<br \/>eMail: <a href=\"mailto:info@elektrogo.de\">info@elektrogo.de<\/a><br \/><a href=\"http:\/\/www.elektrogo.de\">www.elektrogo.de<\/a><strong><br \/><\/strong><\/p><hr \/><p><strong><img loading=\"lazy\" class=\"size-full wp-image-307 alignleft\" src=\"http:\/\/lebendiges-oftersheim.de\/wp-content\/uploads\/2021\/02\/Elektro-Rauchholz-250x210-1.jpg\" alt=\"\" width=\"250\" height=\"210\" \/><\/strong><\/p><p><strong>M.Rauchholz.Elektrotechnik<\/strong><\/p><p>Gewerbepark Hardtwald 9a<br \/>68723 Oftersheim<br \/>Telefon: +49 6202 7607787<br \/>eMail: <a href=\"http:\/\/www.elektro-rauchholz.de\">info@elektro-rauchholz.de<\/a><br \/>www.<a href=\"http:\/\/www.elektro-rauchholz.de\">elektro-rauchholz.de<\/a><\/p><hr \/><p><strong><img loading=\"lazy\" class=\"wp-image-518 alignleft\" src=\"http:\/\/lebendiges-oftersheim.de\/wp-content\/uploads\/2021\/04\/Weixler_Logo_4c-300x172.png\" alt=\"\" width=\"250\" height=\"143\" srcset=\"https:\/\/lebendiges-oftersheim.de\/wp-content\/uploads\/2021\/04\/Weixler_Logo_4c-300x172.png 300w, https:\/\/lebendiges-oftersheim.de\/wp-content\/uploads\/2021\/04\/Weixler_Logo_4c-1024x588.png 1024w, https:\/\/lebendiges-oftersheim.de\/wp-content\/uploads\/2021\/04\/Weixler_Logo_4c-768x441.png 768w, https:\/\/lebendiges-oftersheim.de\/wp-content\/uploads\/2021\/04\/Weixler_Logo_4c-1536x882.png 1536w, https:\/\/lebendiges-oftersheim.de\/wp-content\/uploads\/2021\/04\/Weixler_Logo_4c-2048x1175.png 2048w\" sizes=\"(max-width: 250px) 100vw, 250px\" \/><\/strong><\/p><p><strong>Malerbetrieb Weixler<\/strong><\/p><p>Uhlandstr. 28<br \/>68723 Oftersheim<br \/>Telefon: +49 6202 9548110<br \/>Email:\u00a0<a href=\"mailto:info@malerbetrieb-weixler.de\">info@malerbetrieb-weixler.de<\/a><br \/><a href=\"http:\/\/www.malerbetrieb-weixler.de\">www.malerbetrieb-weixler.de<\/a><\/p><hr \/><p><strong><img loading=\"lazy\" class=\"wp-image-663 alignleft\" src=\"http:\/\/lebendiges-oftersheim.de\/wp-content\/uploads\/2021\/10\/Fackel-Rolladen.jpg\" alt=\"\" width=\"250\" height=\"210\" srcset=\"https:\/\/lebendiges-oftersheim.de\/wp-content\/uploads\/2021\/10\/Fackel-Rolladen.jpg 954w, https:\/\/lebendiges-oftersheim.de\/wp-content\/uploads\/2021\/10\/Fackel-Rolladen-300x252.jpg 300w, https:\/\/lebendiges-oftersheim.de\/wp-content\/uploads\/2021\/10\/Fackel-Rolladen-768x645.jpg 768w\" sizes=\"(max-width: 250px) 100vw, 250px\" \/><\/strong><\/p><p><strong>Fackel GmbH<\/strong><\/p><p>Gewerbepark Hardtwald 5<br \/>68723 Oftersheim<br \/>Telefon: 06202 \/ 5760527<br \/>eMail:<a href=\"mailto:info.fackelgmbh@gmx.de\">info.fackelgmbh@gmx.dee<\/a><br \/><a href=\"http:\/\/www.rolladen-fackel.de\">www.rolladen-fackel.de<\/a><\/p><div class=\"widget\"><h3>\u00a0<\/h3><\/div><\/div><\/div><\/section><div class=\"infi-responsive-tabs\" data-tab_style=\"bars\" data-active-bg=\"#61ce70\" data-active-text=\"#333333\" data-hover-bg=\"\" data-hover-text=\"\">\n\t\t\t\t\t<div class=\"infi-tab-accordion\">\n\t\t\t\t\t\t<div class=\"7f960cd_tab infi_accordion_item\" style=\"background:#EBEBEB;color:#74777b;\">\n\t\t\t\t\t\t\t<div class=\"infi-accordion-item-heading\" data-href=\"#section-7f960cd\" style=\"color:#74777b;\"><span class=\"no-icon\">HANDEL<\/span>\n\t\t\t\t\t\t\t<\/div>\n\t\t\t\t\t\t<\/div>\n\t\t\t\t\t<\/div>\n\t\t\t\t<\/div><section id=\"section-7f960cd\" class=\"tab\" data-animation=\"fadeIn\" style=\"background:; color:;\"><div class=\"infi-content-wrapper\" style=\"column-count:1; column-gap:20px; column-rule: 0px  ;\"><div id=\"elegant-tabs-content-2283\" class=\"elegant-tabs-content elementor-clearfix\" data-tab=\"3\" role=\"tabpanel\" aria-labelledby=\"elegant-tabs-title-2283\"><p><img loading=\"lazy\" class=\"size-full wp-image-297 alignleft\" src=\"http:\/\/lebendiges-oftersheim.de\/wp-content\/uploads\/2021\/02\/Landbrot-Schnabel-250x210-1.jpg\" alt=\"\" width=\"250\" height=\"210\" \/>Landbrotb\u00e4ckerei Schnabel<\/p><p>Mannheimerstr. 70<br \/>68723 Oftersheim<br \/>Telefon: +49 6202 53352<br \/>eMail: <a href=\"mailto:kersku@gmx.de\">kersku@gmx.de<\/a><br \/><a href=\"http:\/\/www.landbrot-schnabel.de\">www.landbrot-schnabel.de<\/a><\/p><hr \/><div class=\"yuRUbf\"><p class=\"LC20lb DKV0Md\">\u00a0<\/p><p class=\"LC20lb DKV0Md\"><strong><img loading=\"lazy\" class=\"size-full wp-image-301 alignleft\" src=\"http:\/\/lebendiges-oftersheim.de\/wp-content\/uploads\/2021\/02\/Geider-250x210-1.jpg\" alt=\"\" width=\"250\" height=\"152\" \/>Blumenhaus Geider<\/strong><\/p><p class=\"LC20lb DKV0Md\">Lindenstra\u00dfe 8<br \/>68723 Oftersheim<br \/>Telefon: +49 <span class=\"LrzXr zdqRlf kno-fv\"><span role=\"link\" aria-label=\"06202 53864 anrufen\">6202 53864<\/span><\/span><\/p><\/div><hr \/><p><img loading=\"lazy\" class=\"size-full wp-image-302 alignleft\" src=\"http:\/\/lebendiges-oftersheim.de\/wp-content\/uploads\/2021\/02\/Bauernladen-Gieser-250x210-1.jpg\" alt=\"\" width=\"250\" height=\"210\" \/><\/p><p><strong>Bauernladen Gieser<\/strong><\/p><p>Altneurott 4<br \/>68723 Oftersheim<br \/>Telefon: +49 6202 \/ 55984<br \/>E-Mail: <a href=\"mailto:info@bauernladen-gieser.de\">info@bauernladen-gieser.de<\/a><br \/><a href=\"http:\/\/www.bauernladen-gieser.de\">www.bauernladen-gieser.de<\/a><\/p><\/div><\/div><\/section>\n\t\t<\/div> <!-- \/et-content-wrap -->\n\t\t<\/div> <!-- \/et-tabs -->\n\t\t<\/section><\/div>\t\t<\/div>\n\t\t\t\t<\/div>\n\t\t\t\t\t\t<\/div>\n\t\t\t\t\t<\/div>\n\t\t<\/div>\n\t\t\t\t\t\t\t\t<\/div>\n\t\t\t\t\t<\/div>\n\t\t<\/section>\n\t\t\t\t<section class=\"elementor-section elementor-top-section elementor-element elementor-element-c57a008 elementor-section-boxed elementor-section-height-default elementor-section-height-default\" data-id=\"c57a008\" data-element_type=\"section\">\n\t\t\t\t\t\t<div class=\"elementor-container elementor-column-gap-default\">\n\t\t\t\t\t\t\t<div class=\"elementor-row\">\n\t\t\t\t\t<div class=\"elementor-column elementor-col-33 elementor-top-column elementor-element elementor-element-817a915\" data-id=\"817a915\" data-element_type=\"column\">\n\t\t\t<div class=\"elementor-column-wrap\">\n\t\t\t\t\t\t\t<div class=\"elementor-widget-wrap\">\n\t\t\t\t\t\t\t\t<\/div>\n\t\t\t\t\t<\/div>\n\t\t<\/div>\n\t\t\t\t<div class=\"elementor-column elementor-col-66 elementor-top-column elementor-element elementor-element-ab163bd\" data-id=\"ab163bd\" data-element_type=\"column\">\n\t\t\t<div class=\"elementor-column-wrap\">\n\t\t\t\t\t\t\t<div class=\"elementor-widget-wrap\">\n\t\t\t\t\t\t\t\t<\/div>\n\t\t\t\t\t<\/div>\n\t\t<\/div>\n\t\t\t\t\t\t\t\t<\/div>\n\t\t\t\t\t<\/div>\n\t\t<\/section>\n\t\t\t\t\t\t<\/div>\n\t\t\t\t\t\t<\/div>\n\t\t\t\t\t<\/div>\n\t\t","protected":false},"excerpt":{"rendered":"<p>DIENSTLEISTUNG HANDWERK HANDEL DIENSTLEISTUNG \u00a0 Alten- und Krankenpflege Carmen Kurz-Ketterer GmbH Freiherr-vom-Stein Stra\u00dfe 2068723 OftersheimTelefon: +49 6202 9 25 46\u00a0eMail: alten-krankenpflege@kurz-ketterer.dewww.kurz-ketterer.de Ren\u00e9 LeickenbachService-Projekt-Consulting Gustav-Struve-Stra\u00dfe 5 68723 OftersheimTelefon: +49 6202 5799757eMail: service@s-p-c.dewww.s-p-c.de wozu design werbepartner Uhlandstra\u00dfe 33 68723 OftersheimTelefon: +49 6202 56521eMail: service@wozu-design.dewww.wow-promotion.com Allianz Vertretung Schmit und Kollenz GbR Mannheimer Str.113-11568723 OftersheimTelefon: +49 6202 9707676eMail: schmit-kollenz@allianz.dewww.vertretung.allianz.de\/schmit-kollenz\/ [&hellip;]<\/p>\n","protected":false},"author":3,"featured_media":0,"parent":0,"menu_order":0,"comment_status":"closed","ping_status":"closed","template":"","meta":[],"_links":{"self":[{"href":"https:\/\/lebendiges-oftersheim.de\/index.php?rest_route=\/wp\/v2\/pages\/113"}],"collection":[{"href":"https:\/\/lebendiges-oftersheim.de\/index.php?rest_route=\/wp\/v2\/pages"}],"about":[{"href":"https:\/\/lebendiges-oftersheim.de\/index.php?rest_route=\/wp\/v2\/types\/page"}],"author":[{"embeddable":true,"href":"https:\/\/lebendiges-oftersheim.de\/index.php?rest_route=\/wp\/v2\/users\/3"}],"replies":[{"embeddable":true,"href":"https:\/\/lebendiges-oftersheim.de\/index.php?rest_route=%2Fwp%2Fv2%2Fcomments&post=113"}],"version-history":[{"count":282,"href":"https:\/\/lebendiges-oftersheim.de\/index.php?rest_route=\/wp\/v2\/pages\/113\/revisions"}],"predecessor-version":[{"id":666,"href":"https:\/\/lebendiges-oftersheim.de\/index.php?rest_route=\/wp\/v2\/pages\/113\/revisions\/666"}],"wp:attachment":[{"href":"https:\/\/lebendiges-oftersheim.de\/index.php?rest_route=%2Fwp%2Fv2%2Fmedia&parent=113"}],"curies":[{"name":"wp","href":"https:\/\/api.w.org\/{rel}","templated":true}]}}